{"id":283,"date":"2021-07-04T20:09:49","date_gmt":"2021-07-04T18:09:49","guid":{"rendered":"http:\/\/moulinroyalcosmetics.com\/politique-de-cookies-eu\/"},"modified":"2021-07-04T20:09:49","modified_gmt":"2021-07-04T18:09:49","slug":"politique-de-cookies-eu","status":"publish","type":"page","link":"https:\/\/moulinroyalcosmetics.com\/de\/politique-de-cookies-eu\/","title":{"rendered":"Cookie-Richtlinie (EU)"},"content":{"rendered":"<!-- This legal document was generated by Complianz | GDPR\/CCPA Cookie Consent https:\/\/wordpress.org\/plugins\/complianz-gdpr -->\n<div id=\"cmplz-document\" class=\"cmplz-document cookie-statement\"><p><i>Diese Cookie-Richtlinie wurde zuletzt am 4 Juli 2021 aktualisiert und gilt f\u00fcr B\u00fcrger und rechtm\u00e4\u00dfige st\u00e4ndige Einwohner des Europ\u00e4ischen Wirtschaftsraums.<\/i><\/p><h2>1. Einf\u00fchrung<\/h2><p>Unsere Website, <a href=\"https:\/\/moulinroyalcosmetics.com\/de\">https:\/\/moulinroyalcosmetics.com\/de<\/a> (im Folgenden: \"Die Website\") verwendet Cookies und \u00e4hnliche Technologien (die im Zusammenhang mit dem Grundprinzip alle als \"Cookies\" bezeichnet werden). Cookies werden auch von unseren autorisierten Dritten verwendet. Im folgenden Dokument informieren wir Sie \u00fcber die Verwendung von Cookies auf unserer Website.<\/p><h2>2. Was sind Cookies?<\/h2><p>Ein Cookie ist ein kleines Datenelement, das zusammen mit der Adresse der Website gesendet wird und vom Webbrowser auf dem PC oder einem anderen Ger\u00e4t angezeigt wird. Die so gespeicherten Informationen k\u00f6nnen bei den folgenden Abfragen an unsere Server oder an die entsprechenden Server Dritter gesendet werden.<\/p><h2>3. Was sind Skripte?<\/h2><p>Ein Skript ist ein St\u00fcck Programmcode, das dazu dient, die Funktionalit\u00e4t und Interaktivit\u00e4t unserer Website zu erm\u00f6glichen. Dieser Code wird auf unseren Servern oder auf Ihrem Computer gespeichert.<\/p><h2>4. Was ist ein Web Beacon?<\/h2><p>Ein Web-Beacon (auch Pixel-Tag genannt) ist ein kleiner, nicht aufdringlicher Text oder ein Bild auf einer Website, der f\u00fcr den Zugriff auf die Website verwendet wird. Dies kann durch die Verwendung von Web-Beacons zur Aufzeichnung verschiedener Daten geschehen.<\/p><h2>5. Cookies<\/h2><p class=\"cmplz-subtitle\">5.1 Technische oder funktionelle Cookies<\/p><p>Einige Cookies sorgen daf\u00fcr, dass unsere Website ordnungsgem\u00e4\u00df funktioniert und dass die Nutzung unserer Website aufrechterhalten wird. Durch den Einsatz von funktionalen Cookies erleichtern wir Ihnen die Nutzung unserer Website. Auf diese Weise musst du bei Besuchen unserer Website nicht wiederholt die gleichen Informationen eingeben, oder deine Gegenst\u00e4nde bleiben beispielsweise in deinem Warenkorb bis du bezahlst. Wir k\u00f6nnen diese Cookies ohne Ihr Einverst\u00e4ndnis platzieren.<\/p><p class=\"cmplz-subtitle\">5.2 Analytische Cookies<\/p><p>Da Statistiken anonym nachverfolgt werden, wird keine Erlaubnis zum Setzen von analytischen Cookies ben\u00f6tigt.<\/p><p class=\"cmplz-subtitle\">5.3 Marketing- \/ Tracking-Cookies<\/p><p>Marketing- \/ Tracking-Cookies sind Cookies oder eine andere Form des lokalen Sicherheitssystems, die f\u00fcr die Registrierung von Benutzerprofilen verwendet werden, um sicherzustellen, dass der Benutzer auf dieser Website oder auf anderen Websites f\u00fcr andere Marketingzwecke erreicht werden kann.<\/p><p class=\"cmplz-subtitle\">5.4 Soziale-Medien-Schaltfl\u00e4che<\/p><p>Auf unserer Website haben wir Buttons f\u00fcr Facebook und Instagram eingef\u00fcgt, um Webseiten (z.&nbsp;B. \u201eGef\u00e4llt mir\u201d, \u201eAnheften\u201d) oder Teilen (z.&nbsp;B. \u201eTweet\u201d) in sozialen Netzwerken wie Facebook und Instagram zu unterst\u00fctzen. Diese Buttons verwenden einen Code, der von Facebook und Instagram selbst stammt. Dieser Code platziert Cookies. Diese Social-Media-Buttons k\u00f6nnen auch bestimmte Informationen speichern und verarbeiten, sodass dir eine personalisierte Werbung angezeigt werden kann.<\/p><p>Bitte lies die Datenschutzerkl\u00e4rung dieser sozialen Netzwerke (die sich regelm\u00e4\u00dfig \u00e4ndern kann), um zu erfahren, wie sie mit deinen (pers\u00f6nlichen) Daten umgehen, die sie mithilfe dieser Cookies verarbeiten. Die abgerufenen Daten werden so weit wie m\u00f6glich anonymisiert. Facebook und Instagram hat seine Sitze in den Vereinigten Staaten<\/p><h2>6. Platzierte Cookies<\/h2><div id=\"cmplz-cookies-overview\"><details class=\"cmplz-dropdown cmplz-service-desc cmplz-dropdown-cookiepolicy\">\n\t<summary class=\"cmplz-service-header\"><div><h3>WordPress<\/h3><p>Gegenstand der Untersuchung<\/p><\/div><\/summary>\n\t    <div class=\"cmplz-service-description\">\n\t\t    <h4>Nutzung<\/h4>\n\t        <p>Wir verwenden WordPress f\u00fcr website development. <a target=\"_blank\" rel=\"noopener noreferrer nofollow\" href=\"https:\/\/cookiedatabase.org\/service\/wordpress\">Mehr lesen<\/a><\/p>\n\t    <\/div>\n\t    <div class=\"cmplz-sharing-data\">\n\t        <h4>Weitergabe von Daten<\/h4>\n\t        <p>Diese Daten werden nicht an Dritte weitergegeben.<\/p>\n\t    <\/div>\n\t    <div class=\"cookies-per-purpose\">\n    <div class=\"purpose\"><h4>Gegenstand der Untersuchung<\/h4><\/div>\n    <div class=\"name-header\">\n\t<h5>Name<\/h5>\n<\/div>\n<div class=\"name\">wordpress_test_cookie<\/div>\n<div class=\"retention-header\">\n\t<h5>Beibehaltung<\/h5>\n<\/div>\n<div class=\"retention\"><\/div>\n<div class=\"function-header\">\n\t<h5>Funktion<\/h5>\n<\/div>\n<div class=\"function\"><\/div>\n\n<\/div>\n<\/details>\n<details class=\"cmplz-dropdown cmplz-service-desc cmplz-dropdown-cookiepolicy\">\n\t<summary class=\"cmplz-service-header\"><div><h3>WordPress<\/h3><p>Gegenstand der Untersuchung<\/p><\/div><\/summary>\n\t    <div class=\"cmplz-service-description\">\n\t\t    <h4>Nutzung<\/h4>\n\t        <p><\/p>\n\t    <\/div>\n\t    <div class=\"cmplz-sharing-data\">\n\t        <h4>Weitergabe von Daten<\/h4>\n\t        <p>Diese Daten werden nicht an Dritte weitergegeben.<\/p>\n\t    <\/div>\n\t    <div class=\"cookies-per-purpose\">\n    <div class=\"purpose\"><h4>Gegenstand der Untersuchung<\/h4><\/div>\n    <div class=\"name-header\">\n\t<h5>Name<\/h5>\n<\/div>\n<div class=\"name\">wordpress_logged_in_*<\/div>\n<div class=\"retention-header\">\n\t<h5>Beibehaltung<\/h5>\n<\/div>\n<div class=\"retention\"><\/div>\n<div class=\"function-header\">\n\t<h5>Funktion<\/h5>\n<\/div>\n<div class=\"function\"><\/div>\n\n<\/div>\n<\/details>\n<details class=\"cmplz-dropdown cmplz-service-desc cmplz-dropdown-cookiepolicy\">\n\t<summary class=\"cmplz-service-header\"><div><h3>Sonstiges<\/h3><p>Gegenstand der Untersuchung<\/p><\/div><\/summary>\n\t    <div class=\"cmplz-service-description\">\n\t\t    <h4>Nutzung<\/h4>\n\t        <p><\/p>\n\t    <\/div>\n\t    <div class=\"cmplz-sharing-data\">\n\t        <h4>Weitergabe von Daten<\/h4>\n\t        <p>Die Weitergabe von Daten wird noch untersucht<\/p>\n\t    <\/div>\n\t    <div class=\"cookies-per-purpose\">\n    <div class=\"purpose\"><h4>Gegenstand der Untersuchung<\/h4><\/div>\n    <div class=\"name-header\">\n\t<h5>Name<\/h5>\n<\/div>\n<div class=\"name\">googlesitekit_1.36.0_core::user::tracking<\/div>\n<div class=\"retention-header\">\n\t<h5>Beibehaltung<\/h5>\n<\/div>\n<div class=\"retention\"><\/div>\n<div class=\"function-header\">\n\t<h5>Funktion<\/h5>\n<\/div>\n<div class=\"function\"><\/div>\n<div class=\"name-header\">\n\t<h5>Name<\/h5>\n<\/div>\n<div class=\"name\">trp_language<\/div>\n<div class=\"retention-header\">\n\t<h5>Beibehaltung<\/h5>\n<\/div>\n<div class=\"retention\"><\/div>\n<div class=\"function-header\">\n\t<h5>Funktion<\/h5>\n<\/div>\n<div class=\"function\"><\/div>\n<div class=\"name-header\">\n\t<h5>Name<\/h5>\n<\/div>\n<div class=\"name\">wp-settings-1<\/div>\n<div class=\"retention-header\">\n\t<h5>Beibehaltung<\/h5>\n<\/div>\n<div class=\"retention\"><\/div>\n<div class=\"function-header\">\n\t<h5>Funktion<\/h5>\n<\/div>\n<div class=\"function\"><\/div>\n<div class=\"name-header\">\n\t<h5>Name<\/h5>\n<\/div>\n<div class=\"name\">wp-settings-time-1<\/div>\n<div class=\"retention-header\">\n\t<h5>Beibehaltung<\/h5>\n<\/div>\n<div class=\"retention\"><\/div>\n<div class=\"function-header\">\n\t<h5>Funktion<\/h5>\n<\/div>\n<div class=\"function\"><\/div>\n<div class=\"name-header\">\n\t<h5>Name<\/h5>\n<\/div>\n<div class=\"name\">_ga<\/div>\n<div class=\"retention-header\">\n\t<h5>Beibehaltung<\/h5>\n<\/div>\n<div class=\"retention\"><\/div>\n<div class=\"function-header\">\n\t<h5>Funktion<\/h5>\n<\/div>\n<div class=\"function\"><\/div>\n<div class=\"name-header\">\n\t<h5>Name<\/h5>\n<\/div>\n<div class=\"name\">_gid<\/div>\n<div class=\"retention-header\">\n\t<h5>Beibehaltung<\/h5>\n<\/div>\n<div class=\"retention\"><\/div>\n<div class=\"function-header\">\n\t<h5>Funktion<\/h5>\n<\/div>\n<div class=\"function\"><\/div>\n<div class=\"name-header\">\n\t<h5>Name<\/h5>\n<\/div>\n<div class=\"name\">cmplz_functional<\/div>\n<div class=\"retention-header\">\n\t<h5>Beibehaltung<\/h5>\n<\/div>\n<div class=\"retention\">365 Tage<\/div>\n<div class=\"function-header\">\n\t<h5>Funktion<\/h5>\n<\/div>\n<div class=\"function\"><\/div>\n<div class=\"name-header\">\n\t<h5>Name<\/h5>\n<\/div>\n<div class=\"name\">cmplz_policy_id<\/div>\n<div class=\"retention-header\">\n\t<h5>Beibehaltung<\/h5>\n<\/div>\n<div class=\"retention\">365 Tage<\/div>\n<div class=\"function-header\">\n\t<h5>Funktion<\/h5>\n<\/div>\n<div class=\"function\"><\/div>\n<div class=\"name-header\">\n\t<h5>Name<\/h5>\n<\/div>\n<div class=\"name\">cmplz_statistics-anonymous<\/div>\n<div class=\"retention-header\">\n\t<h5>Beibehaltung<\/h5>\n<\/div>\n<div class=\"retention\">365 Tage<\/div>\n<div class=\"function-header\">\n\t<h5>Funktion<\/h5>\n<\/div>\n<div class=\"function\"><\/div>\n\n<\/div>\n<\/details>\n<\/div><h2>7. Zustimmung<\/h2><p>Wenn du unsere Website das erste Mal besuchst, zeigen wir dir ein Pop-Up mit einer Erkl\u00e4rung \u00fcber Cookies. Sobald du auf \"Einstellungen speichern\" klickst, gibst du uns dein Einverst\u00e4ndnis, alle von dir gew\u00e4hlten Kategorien von Cookies und Plugins wie in dieser Cookie-Erkl\u00e4rung beschrieben zu verwenden. Du kannst die Verwendung von Cookies \u00fcber deinen Browser deaktivieren, aber bitte beachte, dass unsere Website dann unter Umst\u00e4nden nicht richtig funktioniert.<\/p><p class=\"cmplz-subtitle\">7.1 Verwalte deine Zustimmungseinstellungen<\/p><div id=\"cmplz-manage-consent-container-nojavascript\">Du hast die Cookie-Richtlinie ohne Javascript-Unterst\u00fctzung geladen.&nbsp;Unter AMP kannst du die Schaltfl\u00e4che zum Zustimmen der Einwilligung unten auf der Seite verwenden.<\/div><p id=\"cmplz-manage-consent-container\" class=\"cmplz-manage-consent-container\"><\/p><h2>8. Ihre Rechte in Bezug auf pers\u00f6nliche Daten<\/h2><p>Sie haben die folgenden Rechte in Bezug auf Ihre personenbezogenen Daten:<\/p><ul>\n                    <li>Du hast das Recht zu wissen, warum deine pers\u00f6nlichen Daten gebraucht werden, was mit ihnen passiert und wie lange diese verwahrt werden.<\/li>\n                    <li>Zugriffsrecht: Du hast das Recht deine uns bekannten pers\u00f6nlichen Daten einzusehen.<\/li>\n                    <li>Auskunftsrecht: Sie haben das Recht, jederzeit auf Ihre personenbezogenen Daten zuzugreifen und diese berichtigen, korrigieren, sperren oder sperren zu lassen.<\/li>\n                    <li>Wenn Sie uns Ihre Einwilligung zur Verarbeitung Ihrer Daten gegeben haben, haben Sie das Recht, diese Einwilligung zu verweigern und Ihre personenbezogenen Daten zu l\u00f6schen.<\/li>\n                    <li>Recht auf Datentransfer deiner Daten: Du hast das Recht, alle deine pers\u00f6nlichen Daten von einem Kontrolleur anzufordern und in ihrer Gesamtheit zu einem anderen Kontrolleur zu transferieren.<\/li>\n                    <li>Widerspruchsrecht: Du kannst der Verarbeitung deiner Daten widersprechen. Wir entsprechen dem, es sei denn, es gibt berechtigte Gr\u00fcnde f\u00fcr die Verarbeitung.<\/li>\n                <\/ul><p>Wenn Sie diese Rechte aus\u00fcben m\u00f6chten, wenden Sie sich bitte an uns. Bitte beachten Sie die Kontaktinformationen am Ende dieser Cookie-Erkl\u00e4rung. Wenn du eine Beschwerde dar\u00fcber hast, wie wir deine Daten behandeln, w\u00fcrden wir diese gerne h\u00f6ren, aber du hast auch das Recht diese an die Aufsichtsbeh\u00f6rde (der Datenschutzbeh\u00f6rde) zu richten.<\/p><h2>9. Aktivierung\/Deaktivierung und L\u00f6schen von Cookies<\/h2><p>Sie k\u00f6nnen Ihren Internet-Browser verwenden, um Cookies automatisch oder manuell zu l\u00f6schen. Sie k\u00f6nnen auch angeben, ob spezielle Cookies gel\u00f6scht werden sollen. Eine weitere M\u00f6glichkeit besteht darin, Ihrem Internet-Browser mitzuteilen, ob Sie bei jeder Nutzung ein Cookie verwenden m\u00f6chten. Weitere Informationen zu diesen Optionen finden Sie in den Anweisungen im Handbuch des Browsers.<\/p><p>Bitte beachten Sie zum Kentniss, dass unsere Website m\u00f6glicherweise nicht richtig funktioniert, wenn alle Cookies deaktiviert sind. Wenn du die Cookies in deinem Browser l\u00f6scht, werden diese neuplatziert wenn du unsere Website erneut besuchst.<\/p><h2>10. Kontaktdaten<\/h2><p>Bei Fragen und\/oder Kommentaren zu unseren Cookie-Richtlinien und dieser Mitteilung wenden Sie sich bitte an die folgenden Kontaktangaben:<\/p><p>Royal Cosmetics M\u00fchle<br>\n                    19 Avenue de Cambridge<br \/>\r\nHerouville Saint Clair<br \/>\r\nFrankreich<br>\n                    Frankreich<br>\n                    Website: <a href=\"https:\/\/moulinroyalcosmetics.com\/de\">https:\/\/moulinroyalcosmetics.com\/de<\/a> <br>\n                    E-Mail: <a href=\"mailto:c&#x6f;&#x6e;&#x74;act&#x40;mo&#x75;linr&#x6f;&#121;a&#108;&#046;&#099;&#x6f;m\">c&#x6f;&#x6e;&#x74;act&#x40;mo&#x75;linr&#x6f;&#121;a&#108;&#046;&#099;&#x6f;m<\/a> <br>\n                    Telefonnummer: 0231444651<br><\/p><p>Diese Cookie-Richtlinie wurde mit <a href=\"https:\/\/cookiedatabase.org\" target=\"_blank\">cookiedatabase.org<\/a> am 4 Juli 2021 synchronisiert<\/p><\/div>","protected":false},"excerpt":{"rendered":"","protected":false},"author":1,"featured_media":0,"parent":0,"menu_order":0,"comment_status":"closed","ping_status":"closed","template":"","meta":[],"aioseo_notices":[],"uagb_featured_image_src":{"full":false,"thumbnail":false,"medium":false,"medium_large":false,"large":false,"1536x1536":false,"2048x2048":false,"trp-custom-language-flag":false},"uagb_author_info":{"display_name":"admin","author_link":"https:\/\/moulinroyalcosmetics.com\/de\/author\/admin\/"},"uagb_comment_info":0,"uagb_excerpt":null,"_links":{"self":[{"href":"https:\/\/moulinroyalcosmetics.com\/de\/wp-json\/wp\/v2\/pages\/283"}],"collection":[{"href":"https:\/\/moulinroyalcosmetics.com\/de\/wp-json\/wp\/v2\/pages"}],"about":[{"href":"https:\/\/moulinroyalcosmetics.com\/de\/wp-json\/wp\/v2\/types\/page"}],"author":[{"embeddable":true,"href":"https:\/\/moulinroyalcosmetics.com\/de\/wp-json\/wp\/v2\/users\/1"}],"replies":[{"embeddable":true,"href":"https:\/\/moulinroyalcosmetics.com\/de\/wp-json\/wp\/v2\/comments?post=283"}],"version-history":[{"count":0,"href":"https:\/\/moulinroyalcosmetics.com\/de\/wp-json\/wp\/v2\/pages\/283\/revisions"}],"wp:attachment":[{"href":"https:\/\/moulinroyalcosmetics.com\/de\/wp-json\/wp\/v2\/media?parent=283"}],"curies":[{"name":"wp","href":"https:\/\/api.w.org\/{rel}","templated":true}]}}