{"id":3,"date":"2020-11-24T13:57:19","date_gmt":"2020-11-24T12:57:19","guid":{"rendered":"http:\/\/localhost:8080\/mrc\/?page_id=3"},"modified":"2021-05-27T23:34:36","modified_gmt":"2021-05-27T21:34:36","slug":"politique-de-confidentialite","status":"publish","type":"page","link":"https:\/\/moulinroyalcosmetics.com\/de\/politique-de-confidentialite\/","title":{"rendered":"Datenschutzbestimmungen"},"content":{"rendered":"<p><strong>RECHTSMITTEILUNGEN<\/strong><\/p>\n\n\n\n<p>Herausgeber:<br>Laboratoires Moulin Royal Kosmetika<br>SAS mit einem Kapital von 142 850 \u20ac.<br>Sein eingetragener Sitz befindet sich in 19, avenue de Cambridge - 14200 H\u00e9rouville Saint-Clair. Frankreich.<br>Tel: 33 (0)2 31 44 46 51<br>E-Mail: contact@moulinroyal.com<br>RCS-Nummer: 788 420 933 R.C.S Caen<br>Innergemeinschaftliche Mehrwertsteuer: FR 67 788 420 933<\/p>\n\n\n\n<p>Direktor der Ver\u00f6ffentlichung :<br>Pierre-Eric Dauxerre, Direktor der Laboratoires Moulin Royal Cosmetics.<\/p>\n\n\n\n<p>Veranstaltet von:<br>OVH, SAS mit einem Kapital von 10.059.500 Euro<br>RCS Lille M\u00e9tropole 424 761 419 00045<br>APE-Code 6202A<br>MEHRWERTSTEUER-NUMMER: FR 22 424 761 419<br>Hauptsitz: 2 rue Kellermann - 59100 Roubaix. Frankreich.<\/p>\n\n\n\n<p><strong>PERS\u00d6NLICHE DATEN<\/strong><\/p>\n\n\n\n<p>Die beim Ausf\u00fcllen eines Formulars gesammelten Informationen werden von Laboratoires Moulin Royal Cosmetics in einer Computerdatei gespeichert. Diese Informationen k\u00f6nnen verwendet werden, um Kontakte zu verwalten, die sich f\u00fcr das Hyfac-Sortiment interessieren, und um Informationen \u00fcber das Hyfac-Sortiment zu verbreiten.<\/p>\n\n\n\n<p>Diese Informationen werden f\u00fcr einen Zeitraum von 1 Jahr aufbewahrt und sind f\u00fcr die Marketingabteilung bestimmt.<\/p>\n\n\n\n<p>Gem\u00e4\u00df dem franz\u00f6sischen Gesetz \u00fcber Informatik und b\u00fcrgerliche Freiheiten vom 6. Januar 1978 k\u00f6nnen Sie jederzeit Ihr Recht auf Zugang, Berichtigung oder L\u00f6schung der Sie betreffenden Daten wahrnehmen, indem Sie sich an folgende Adresse wenden Laboratoires Moulin Royal Cosmetics, 19 av. de Cambridge, 14200 H\u00e9rouville Saint-Clair. 02.31.44.46.51 \/ contact@moulinroyal.com.<\/p>\n\n\n\n<p>Unsere Website-Adresse lautet: http:\/\/moulinroyalcosmetics.com.<\/p>\n\n\n\n<h2>Verwendung der erhobenen personenbezogenen Daten<\/h2>\n\n\n\n<h3>Kommentare<\/h3>\n\n\n\n<p>Wenn Sie einen Kommentar auf unserer Website hinterlassen, werden die in das Kommentarformular eingegebenen Daten, aber auch Ihre IP-Adresse und der User-Agent Ihres Browsers erfasst, damit wir unerw\u00fcnschte Kommentare erkennen k\u00f6nnen.<\/p>\n\n\n\n<p>Eine anonymisierte Zeichenfolge, die aus Ihrer E-Mail-Adresse erstellt wird (auch als Hash bekannt), kann an den Gravatar-Dienst gesendet werden, um zu \u00fcberpr\u00fcfen, ob Sie den Dienst nutzen. Die Datenschutzbestimmungen des Gravatar-Dienstes finden Sie hier: https:\/\/automattic.com\/privacy\/. Nachdem Ihr Kommentar validiert wurde, wird Ihr Profilbild neben Ihrem Kommentar \u00f6ffentlich sichtbar sein.<\/p>\n\n\n\n<h3>Medien<\/h3>\n\n\n\n<p>Wenn Sie ein registrierter Nutzer sind und Bilder auf die Website hochladen, raten wir Ihnen, keine Bilder hochzuladen, die EXIF-Daten von GPS-Koordinaten enthalten. Die Besucher Ihrer Website k\u00f6nnen diese Bilder herunterladen und Standortdaten daraus extrahieren.<\/p>\n\n\n\n<h3>Kontaktformulare<\/h3>\n\n\n\n<h3>Cookies<\/h3>\n\n\n\n<p>Wenn Sie einen Kommentar auf unserer Website hinterlassen, werden Sie aufgefordert, Ihren Namen, Ihre E-Mail-Adresse und Ihre Website in Cookies zu speichern. Dies ist nur zu Ihrer Bequemlichkeit, damit Sie diese Informationen nicht erneut eingeben m\u00fcssen, wenn Sie sp\u00e4ter einen weiteren Kommentar hinterlassen. Diese Cookies verfallen nach einem Jahr.<\/p>\n\n\n\n<p>Wenn Sie die Anmeldeseite aufrufen, wird ein tempor\u00e4rer Cookie angelegt, um festzustellen, ob Ihr Browser Cookies akzeptiert. Sie enth\u00e4lt keine pers\u00f6nlichen Daten und wird automatisch gel\u00f6scht, wenn Sie Ihren Browser schlie\u00dfen.<\/p>\n\n\n\n<p>Wenn Sie sich anmelden, werden wir eine Reihe von Cookies setzen, um Ihre Anmeldeinformationen und Bildschirmeinstellungen zu speichern. Die Lebensdauer eines Anmelde-Cookies betr\u00e4gt zwei Tage und die Lebensdauer eines Cookies f\u00fcr Bildschirmeinstellungen ein Jahr. Wenn Sie \"Angemeldet bleiben\" ankreuzen, wird Ihr Login-Cookie f\u00fcr zwei Wochen gespeichert. Wenn Sie sich von Ihrem Konto abmelden, wird das Anmelde-Cookie gel\u00f6scht.<\/p>\n\n\n\n<p>Wenn Sie eine Publikation bearbeiten oder ver\u00f6ffentlichen, wird ein zus\u00e4tzliches Cookie in Ihrem Browser gespeichert. Dieses Cookie enth\u00e4lt keine personenbezogenen Daten. Sie gibt einfach die ID der Ver\u00f6ffentlichung an, die Sie gerade bearbeitet haben. Er verf\u00e4llt nach einem Tag.<\/p>\n\n\n\n<h3>Eingebettete Inhalte von anderen Websites<\/h3>\n\n\n\n<p>Die Artikel auf dieser Website k\u00f6nnen eingebettete Inhalte enthalten (z.B. Videos, Bilder, Artikel...). Eingebettete Inhalte von anderen Websites verhalten sich so, als ob der Besucher auf dieser anderen Website w\u00e4re.<\/p>\n\n\n\n<p>Diese Websites k\u00f6nnen Daten \u00fcber Sie sammeln, Cookies verwenden, Tracking-Tools von Drittanbietern einbetten und Ihre Interaktionen mit diesen eingebetteten Inhalten nachverfolgen, wenn Sie \u00fcber ein eingeloggtes Konto auf ihrer Website verf\u00fcgen.<\/p>\n\n\n\n<h3>Statistik und Publikumsmessung<\/h3>\n\n\n\n<h2>Verwendung und \u00dcbermittlung Ihrer personenbezogenen Daten<\/h2>\n\n\n\n<h2>Wie lange Ihre Daten gespeichert werden<\/h2>\n\n\n\n<p>Wenn Sie einen Kommentar hinterlassen, werden der Kommentar und seine Metadaten auf unbestimmte Zeit gespeichert. Auf diese Weise werden nachfolgende Kommentare automatisch erkannt und genehmigt, anstatt in der Moderationswarteschlange zu verbleiben.<\/p>\n\n\n\n<p>Bei Nutzern, die sich auf unserer Website registrieren (soweit m\u00f6glich), speichern wir auch die in ihrem Profil angegebenen personenbezogenen Daten. Alle Nutzer k\u00f6nnen ihre pers\u00f6nlichen Daten jederzeit einsehen, bearbeiten oder l\u00f6schen (mit Ausnahme ihres Benutzernamens). Auch Standortleiter k\u00f6nnen diese Informationen einsehen und \u00e4ndern.<\/p>\n\n\n\n<h2>Die Rechte, die Sie in Bezug auf Ihre Daten haben<\/h2>\n\n\n\n<p>Wenn Sie ein Konto haben oder Kommentare auf der Website hinterlassen haben, k\u00f6nnen Sie eine Datei anfordern, die alle pers\u00f6nlichen Daten enth\u00e4lt, die wir \u00fcber Sie gespeichert haben, einschlie\u00dflich der Daten, die Sie uns zur Verf\u00fcgung gestellt haben. Sie k\u00f6nnen auch die L\u00f6schung Ihrer personenbezogenen Daten verlangen. Davon ausgenommen sind Daten, die zu administrativen, rechtlichen oder Sicherheitszwecken gespeichert werden.<\/p>\n\n\n\n<h2>\u00dcbermittlung Ihrer personenbezogenen Daten<\/h2>\n\n\n\n<p>Die Kommentare der Besucher k\u00f6nnen mit Hilfe eines automatischen Spam-Erkennungsdienstes \u00fcberpr\u00fcft werden.<\/p>\n\n\n\n<h2>Kontaktinformationen<\/h2>\n\n\n\n<h2>Weitere Informationen<\/h2>\n\n\n\n<h3>Wie wir Ihre Daten sch\u00fctzen<\/h3>\n\n\n\n<h3>Verfahren f\u00fcr den Fall eines Datenlecks<\/h3>\n\n\n\n<h3>Dienste von Dritten, die uns Daten zur Verf\u00fcgung stellen<\/h3>\n\n\n\n<h3>Automatisiertes Marketing und\/oder Profiling unter Verwendung personenbezogener Daten<\/h3>\n\n\n\n<h3>Anzeige von Informationen \u00fcber Sektoren, die besonderen Vorschriften unterliegen<\/h3>","protected":false},"excerpt":{"rendered":"<p>Herausgeber :Laboratoires Moulin Royal CosmeticsSAS mit einem Kapital von 142 850 \u20acmit Sitz in 19, avenue de Cambridge - 14200 H\u00e9rouville Saint-Clair. Frankreich Tel : 33 (0)2 31 44 [...]<\/p>","protected":false},"author":1,"featured_media":0,"parent":0,"menu_order":0,"comment_status":"closed","ping_status":"open","template":"template-default.php","meta":[],"aioseo_notices":[],"uagb_featured_image_src":{"full":false,"thumbnail":false,"medium":false,"medium_large":false,"large":false,"1536x1536":false,"2048x2048":false,"trp-custom-language-flag":false},"uagb_author_info":{"display_name":"admin","author_link":"https:\/\/moulinroyalcosmetics.com\/de\/author\/admin\/"},"uagb_comment_info":0,"uagb_excerpt":"MENTIONS L\u00c9GALES Editeur&nbsp;:Laboratoires Moulin Royal CosmeticsSAS au capital de 142 850 \u20acDont le si\u00e8ge social est 19, avenue de Cambridge \u2013 14200 H\u00e9rouville Saint-Clair. France.Tel : 33 (0)2 31 44 [&hellip;]","_links":{"self":[{"href":"https:\/\/moulinroyalcosmetics.com\/de\/wp-json\/wp\/v2\/pages\/3"}],"collection":[{"href":"https:\/\/moulinroyalcosmetics.com\/de\/wp-json\/wp\/v2\/pages"}],"about":[{"href":"https:\/\/moulinroyalcosmetics.com\/de\/wp-json\/wp\/v2\/types\/page"}],"author":[{"embeddable":true,"href":"https:\/\/moulinroyalcosmetics.com\/de\/wp-json\/wp\/v2\/users\/1"}],"replies":[{"embeddable":true,"href":"https:\/\/moulinroyalcosmetics.com\/de\/wp-json\/wp\/v2\/comments?post=3"}],"version-history":[{"count":2,"href":"https:\/\/moulinroyalcosmetics.com\/de\/wp-json\/wp\/v2\/pages\/3\/revisions"}],"predecessor-version":[{"id":239,"href":"https:\/\/moulinroyalcosmetics.com\/de\/wp-json\/wp\/v2\/pages\/3\/revisions\/239"}],"wp:attachment":[{"href":"https:\/\/moulinroyalcosmetics.com\/de\/wp-json\/wp\/v2\/media?parent=3"}],"curies":[{"name":"wp","href":"https:\/\/api.w.org\/{rel}","templated":true}]}}