{"id":283,"date":"2021-07-04T20:09:49","date_gmt":"2021-07-04T18:09:49","guid":{"rendered":"http:\/\/moulinroyalcosmetics.com\/politique-de-cookies-eu\/"},"modified":"2021-07-04T20:09:49","modified_gmt":"2021-07-04T18:09:49","slug":"politique-de-cookies-eu","status":"publish","type":"page","link":"https:\/\/moulinroyalcosmetics.com\/it\/politique-de-cookies-eu\/","title":{"rendered":"Politica dei cookie (UE)"},"content":{"rendered":"<!-- This legal document was generated by Complianz | GDPR\/CCPA Cookie Consent https:\/\/wordpress.org\/plugins\/complianz-gdpr -->\n<div id=\"cmplz-document\" class=\"cmplz-document cookie-statement\"><p><i>Questa Cookie Policy \u00e8 stata aggiornata l&rsquo;ultima volta il 4 Luglio 2021 e si applica ai cittadini e ai residenti permanenti legali dello Spazio Economico Europeo.<\/i><\/p><h2>1. Introduzione<\/h2><p>Il nostro sito web, <a href=\"https:\/\/moulinroyalcosmetics.com\/it\">https:\/\/moulinroyalcosmetics.com\/it<\/a> (di seguito: \"il sito web\") utilizza cookie e altre tecnologie correlate (per comodit\u00e0 tutte le tecnologie sono definite \"cookie\"). I cookie sono inseriti anche da altre parti che abbiamo assunto. Nel seguente documento vi informiamo sull'uso dei cookie sul nostro sito web.<\/p><h2>2. Cosa sono i cookie?<\/h2><p>I cookie sono semplici file che vengono inviati insieme alle pagine di questo sito e salvati dal vostro browser sul disco rigido del vostro computer o altri dispositivi. Le informazioni raccolte in essi possono essere inviate ai nostri server o ai server di terzi durante la visita successiva.<\/p><h2>3. Cosa sono gli script?<\/h2><p>Uno script \u00e8 un pezzo di codice di programma utilizzato per far funzionare correttamente e in modo interattivo il tuo sito web. Questo codice viene creato sul nostro server o sul tuo dispositivo.<\/p><h2>4. Cos'\u00e8 un web beacon?<\/h2><p>Un web beacon (o pixel tag) \u00e8 un piccolo, invisibile pezzo di testo o immagine su un sito web che viene utilizzato per monitorare il traffico su un sito web. Per fare questo, vari dati su di te vengono memorizzati utilizzando i web beacon.<\/p><h2>5. Cookie<\/h2><p class=\"cmplz-subtitle\">5.1 Cookie tecnici o funzionali<\/p><p>Alcuni cookie assicurano che il sito web funzioni correttamente e che le preferenze dell'utente rimangano valide. Utilizzando i cookie funzionali, rendiamo pi\u00f9 facile per voi visitare il nostro sito web. In questo modo, non sar\u00e0 possibile inserire di nuovo le stesse informazioni quando si visita il nostro sito web, per esempio, l'oggetto rimarr\u00e0 nel vostro carrello dopo che non avete impaginato. Possiamo inserire questi cookie senza il suo consenso.<\/p><p class=\"cmplz-subtitle\">5.2 Cookie statistico<\/p><p>Dato che le statistiche sono tracciate in modo anonimo, non viene chiesto alcun permesso per inserire i cookie statistici.<\/p><p class=\"cmplz-subtitle\">5.3 Cookie di marketing\/tracciamento<\/p><p>I cookie di marketing\/tracciamento sono cookie o qualsiasi altra forma di memorizzazione locale, utilizzati per creare profili utente per visualizzare pubblicit\u00e0 o per tracciare l'utente su questo sito web o su diversi siti web per scopi di marketing simili.<\/p><p class=\"cmplz-subtitle\">5.4 Pulsanti social media<\/p><p>Sul nostro sito abbiamo incluso dei pulsanti per Facebook e Instagram in modo da promuovere siti web (es. \u00ab\u00a0mi piace\u00a0\u00bb, \u00ab\u00a0pin\u00a0\u00bb) oppure condividere (es. \u00ab\u00a0tweet\u00a0\u00bb) sui social network come Facebook e Instagram. Questi pulsanti funzionano utilizzando codici provenienti da Facebook e Instagram stesso. Questo codice piazza dei cookie. Questi pulsanti social media possono anche salvare e processare certe informazioni, pertanto un annuncio pubblicitario personalizzato potrebbe venirti mostrato.<\/p><p>Leggi l&rsquo;informativa sulla privacy di questi social network (che possono cambiare regolarmente) per sapere cosa fanno con i tuoi dati (personali) che processano utilizzando i cookie. I dati ottenuti vengono anonimizzati quanto possibile. Facebook e Instagram si trovano negli Stati Uniti.<\/p><h2>6. Biscotto piazzati<\/h2><div id=\"cmplz-cookies-overview\"><details class=\"cmplz-dropdown cmplz-service-desc cmplz-dropdown-cookiepolicy\">\n\t<summary class=\"cmplz-service-header\"><div><h3>WordPress<\/h3><p>Scopo sotto investigazione<\/p><\/div><\/summary>\n\t    <div class=\"cmplz-service-description\">\n\t\t    <h4>Utilizzo<\/h4>\n\t        <p>Usiamo WordPress per website development. <a target=\"_blank\" rel=\"noopener noreferrer nofollow\" href=\"https:\/\/cookiedatabase.org\/service\/wordpress\">Leggi tutto<\/a><\/p>\n\t    <\/div>\n\t    <div class=\"cmplz-sharing-data\">\n\t        <h4>Condivisione dei dati<\/h4>\n\t        <p>Questi dati non sono condivisi con terze parti.<\/p>\n\t    <\/div>\n\t    <div class=\"cookies-per-purpose\">\n    <div class=\"purpose\"><h4>Scopo sotto investigazione<\/h4><\/div>\n    <div class=\"name-header\">\n\t<h5>Nome<\/h5>\n<\/div>\n<div class=\"name\">wordpress_test_cookie<\/div>\n<div class=\"retention-header\">\n\t<h5>Conservazione<\/h5>\n<\/div>\n<div class=\"retention\"><\/div>\n<div class=\"function-header\">\n\t<h5>Funzione<\/h5>\n<\/div>\n<div class=\"function\"><\/div>\n\n<\/div>\n<\/details>\n<details class=\"cmplz-dropdown cmplz-service-desc cmplz-dropdown-cookiepolicy\">\n\t<summary class=\"cmplz-service-header\"><div><h3>WordPress<\/h3><p>Scopo sotto investigazione<\/p><\/div><\/summary>\n\t    <div class=\"cmplz-service-description\">\n\t\t    <h4>Utilizzo<\/h4>\n\t        <p><\/p>\n\t    <\/div>\n\t    <div class=\"cmplz-sharing-data\">\n\t        <h4>Condivisione dei dati<\/h4>\n\t        <p>Questi dati non sono condivisi con terze parti.<\/p>\n\t    <\/div>\n\t    <div class=\"cookies-per-purpose\">\n    <div class=\"purpose\"><h4>Scopo sotto investigazione<\/h4><\/div>\n    <div class=\"name-header\">\n\t<h5>Nome<\/h5>\n<\/div>\n<div class=\"name\">wordpress_logged_in_*<\/div>\n<div class=\"retention-header\">\n\t<h5>Conservazione<\/h5>\n<\/div>\n<div class=\"retention\"><\/div>\n<div class=\"function-header\">\n\t<h5>Funzione<\/h5>\n<\/div>\n<div class=\"function\"><\/div>\n\n<\/div>\n<\/details>\n<details class=\"cmplz-dropdown cmplz-service-desc cmplz-dropdown-cookiepolicy\">\n\t<summary class=\"cmplz-service-header\"><div><h3>Varie<\/h3><p>Scopo sotto investigazione<\/p><\/div><\/summary>\n\t    <div class=\"cmplz-service-description\">\n\t\t    <h4>Utilizzo<\/h4>\n\t        <p><\/p>\n\t    <\/div>\n\t    <div class=\"cmplz-sharing-data\">\n\t        <h4>Condivisione dei dati<\/h4>\n\t        <p>La condivisione dei dati \u00e8 in attesa di indagine<\/p>\n\t    <\/div>\n\t    <div class=\"cookies-per-purpose\">\n    <div class=\"purpose\"><h4>Scopo sotto investigazione<\/h4><\/div>\n    <div class=\"name-header\">\n\t<h5>Nome<\/h5>\n<\/div>\n<div class=\"name\">googlesitekit_1.36.0_core::user::tracking<\/div>\n<div class=\"retention-header\">\n\t<h5>Conservazione<\/h5>\n<\/div>\n<div class=\"retention\"><\/div>\n<div class=\"function-header\">\n\t<h5>Funzione<\/h5>\n<\/div>\n<div class=\"function\"><\/div>\n<div class=\"name-header\">\n\t<h5>Nome<\/h5>\n<\/div>\n<div class=\"name\">trp_language<\/div>\n<div class=\"retention-header\">\n\t<h5>Conservazione<\/h5>\n<\/div>\n<div class=\"retention\"><\/div>\n<div class=\"function-header\">\n\t<h5>Funzione<\/h5>\n<\/div>\n<div class=\"function\"><\/div>\n<div class=\"name-header\">\n\t<h5>Nome<\/h5>\n<\/div>\n<div class=\"name\">wp-settings-1<\/div>\n<div class=\"retention-header\">\n\t<h5>Conservazione<\/h5>\n<\/div>\n<div class=\"retention\"><\/div>\n<div class=\"function-header\">\n\t<h5>Funzione<\/h5>\n<\/div>\n<div class=\"function\"><\/div>\n<div class=\"name-header\">\n\t<h5>Nome<\/h5>\n<\/div>\n<div class=\"name\">wp-settings-time-1<\/div>\n<div class=\"retention-header\">\n\t<h5>Conservazione<\/h5>\n<\/div>\n<div class=\"retention\"><\/div>\n<div class=\"function-header\">\n\t<h5>Funzione<\/h5>\n<\/div>\n<div class=\"function\"><\/div>\n<div class=\"name-header\">\n\t<h5>Nome<\/h5>\n<\/div>\n<div class=\"name\">_ga<\/div>\n<div class=\"retention-header\">\n\t<h5>Conservazione<\/h5>\n<\/div>\n<div class=\"retention\"><\/div>\n<div class=\"function-header\">\n\t<h5>Funzione<\/h5>\n<\/div>\n<div class=\"function\"><\/div>\n<div class=\"name-header\">\n\t<h5>Nome<\/h5>\n<\/div>\n<div class=\"name\">_gid<\/div>\n<div class=\"retention-header\">\n\t<h5>Conservazione<\/h5>\n<\/div>\n<div class=\"retention\"><\/div>\n<div class=\"function-header\">\n\t<h5>Funzione<\/h5>\n<\/div>\n<div class=\"function\"><\/div>\n<div class=\"name-header\">\n\t<h5>Nome<\/h5>\n<\/div>\n<div class=\"name\">cmplz_functional<\/div>\n<div class=\"retention-header\">\n\t<h5>Conservazione<\/h5>\n<\/div>\n<div class=\"retention\">365 giorni<\/div>\n<div class=\"function-header\">\n\t<h5>Funzione<\/h5>\n<\/div>\n<div class=\"function\"><\/div>\n<div class=\"name-header\">\n\t<h5>Nome<\/h5>\n<\/div>\n<div class=\"name\">cmplz_policy_id<\/div>\n<div class=\"retention-header\">\n\t<h5>Conservazione<\/h5>\n<\/div>\n<div class=\"retention\">365 giorni<\/div>\n<div class=\"function-header\">\n\t<h5>Funzione<\/h5>\n<\/div>\n<div class=\"function\"><\/div>\n<div class=\"name-header\">\n\t<h5>Nome<\/h5>\n<\/div>\n<div class=\"name\">cmplz_statistics-anonymous<\/div>\n<div class=\"retention-header\">\n\t<h5>Conservazione<\/h5>\n<\/div>\n<div class=\"retention\">365 giorni<\/div>\n<div class=\"function-header\">\n\t<h5>Funzione<\/h5>\n<\/div>\n<div class=\"function\"><\/div>\n\n<\/div>\n<\/details>\n<\/div><h2>7. Consenti<\/h2><p>Quando visita il sito web per la prima volta, le mostreremo un popup con una descrizione dei cookie. Appena clicchi su \"Salva preferenze\", dai il permesso a noi di usare le categorie di cookie e plugin come descritto in questa dichiarazione relativa ai popup e cookie. Puoi disabilitare i cookie attraverso il tuo browser, ma tieni presente che il tuo sito web potrebbe non funzionare correttamente.<\/p><p class=\"cmplz-subtitle\">7.1 Gestisci le tue impostazioni di consenso<\/p><div id=\"cmplz-manage-consent-container-nojavascript\">Hai caricato la Cookie Policy senza supporto javascript.&nbsp;Su AMP, puoi usare il pulsante di gestione del consenso in fondo alla pagina.<\/div><p id=\"cmplz-manage-consent-container\" class=\"cmplz-manage-consent-container\"><\/p><h2>8. I suoi diritti riguardo ai dati personali<\/h2><p>Ho i seguenti diritti relativi ai suoi dati personali:<\/p><ul>\n                    <li>Lei ha il diritto di sapere quando i suoi dati personali sono necessari, cosa succede ad essi e per quanto tempo saranno conservati.<\/li>\n                    <li>Diritto di accesso: hai il diritto ad accedere ai tuoi dati personali dei quali siamo a conoscenza.<\/li>\n                    <li>Diritto di rettifica: hai il diritto di completare, correggere, cancellare o bloccare i tuoi dati personali quando lo desideri.<\/li>\n                    <li>Se ci darai il consenso per elaborare i tuoi dati, hai il diritto di revocare questo consenso e di eliminare i tuoi dati personali.<\/li>\n                    <li>Diritto di trasferire i tuoi dati: hai il diritto di richiedere tutti i tuoi dati dal controllore e trasferirli tutti quanti ad un altro controllore.<\/li>\n                    <li>Diritto di obiezione: hai il diritto di obiezione verso il processo dei tuoi dati. Noi rispettiamo questa scelta, a meno che non ci siano motivi validi per il processo.<\/li>\n                <\/ul><p>Per esercitare questi diritti, non esitate a contattarci. Si prega di fare riferimento ai dettagli di contatto in fondo a questa Cookie Policy. Se avete un reclamo su come gestiamo i vostri dati, sentitevi liberi di fare un reclamo all'autorit\u00e0 di controllo (l'Autorit\u00e0 di protezione dei dati).<\/p><h2>9. Abilitare\/disabilitare e cancellazione dei cookie<\/h2><p>Puoi usare il tuo browser per cancellare i cookie automaticamente o manualmente. \u00c8 anche possibile specificare che certi cookie non possono essere impostati. Un'altra opzione \u00e8 quella di modificare le impostazioni del suo browser internet per ricevere un messaggio ogni volta che viene inserito un cookie. Per ulteriori informazioni su queste opzioni, consultate le istruzioni nella sezione della guida del vostro browser.<\/p><p>Si prega di notare che il nostro sito web potrebbe non funzionare correttamente se tutti i cookie sono disabilitati. Se cancelli i cookie nel tuo browser, saranno riposti nuovamente dopo il tuo permesso quando visiti nuovamente il nostro sito.<\/p><h2>10. Dettagli contatti<\/h2><p>Per domande e\/o commenti riguardo la Cookie Policy e questa dichiarazione, per favore contattaci usando i seguenti dati di contatto:<\/p><p>Mulino reale di cosmetici<br>\n                    19 Avenue de Cambridge<br \/>\r\nHerouville Saint Clair<br \/>\r\nFrancia<br>\n                    Francia<br>\n                    Sito web: <a href=\"https:\/\/moulinroyalcosmetics.com\/it\">https:\/\/moulinroyalcosmetics.com\/it<\/a> <br>\n                    Email: <a href=\"mailto:con&#116;&#x61;&#x63;t&#x40;mo&#117;linroy&#x61;l&#x2e;c&#x6f;m\">con&#116;&#x61;&#x63;t&#x40;mo&#117;linroy&#x61;l&#x2e;c&#x6f;m<\/a> <br>\n                    Numero di telefono: 0231444651<br><\/p><p>Questa politica sui cookie \u00e8 stata sincronizzata con <a href=\"https:\/\/cookiedatabase.org\" target=\"_blank\">cookiedatabase.org<\/a> il 4 Luglio 2021<\/p><\/div>","protected":false},"excerpt":{"rendered":"","protected":false},"author":1,"featured_media":0,"parent":0,"menu_order":0,"comment_status":"closed","ping_status":"closed","template":"","meta":[],"aioseo_notices":[],"uagb_featured_image_src":{"full":false,"thumbnail":false,"medium":false,"medium_large":false,"large":false,"1536x1536":false,"2048x2048":false,"trp-custom-language-flag":false},"uagb_author_info":{"display_name":"admin","author_link":"https:\/\/moulinroyalcosmetics.com\/it\/author\/admin\/"},"uagb_comment_info":0,"uagb_excerpt":null,"_links":{"self":[{"href":"https:\/\/moulinroyalcosmetics.com\/it\/wp-json\/wp\/v2\/pages\/283"}],"collection":[{"href":"https:\/\/moulinroyalcosmetics.com\/it\/wp-json\/wp\/v2\/pages"}],"about":[{"href":"https:\/\/moulinroyalcosmetics.com\/it\/wp-json\/wp\/v2\/types\/page"}],"author":[{"embeddable":true,"href":"https:\/\/moulinroyalcosmetics.com\/it\/wp-json\/wp\/v2\/users\/1"}],"replies":[{"embeddable":true,"href":"https:\/\/moulinroyalcosmetics.com\/it\/wp-json\/wp\/v2\/comments?post=283"}],"version-history":[{"count":0,"href":"https:\/\/moulinroyalcosmetics.com\/it\/wp-json\/wp\/v2\/pages\/283\/revisions"}],"wp:attachment":[{"href":"https:\/\/moulinroyalcosmetics.com\/it\/wp-json\/wp\/v2\/media?parent=283"}],"curies":[{"name":"wp","href":"https:\/\/api.w.org\/{rel}","templated":true}]}}