{"id":3,"date":"2020-11-24T13:57:19","date_gmt":"2020-11-24T12:57:19","guid":{"rendered":"http:\/\/localhost:8080\/mrc\/?page_id=3"},"modified":"2021-05-27T23:34:36","modified_gmt":"2021-05-27T21:34:36","slug":"politique-de-confidentialite","status":"publish","type":"page","link":"https:\/\/moulinroyalcosmetics.com\/it\/politique-de-confidentialite\/","title":{"rendered":"Politica sulla privacy"},"content":{"rendered":"<p><strong>AVVISI LEGALI<\/strong><\/p>\n\n\n\n<p>Editore:<br>Laboratoires Moulin Royal Cosmetics<br>SAS con un capitale di 142 850 \u20ac.<br>La cui sede legale \u00e8 al 19, avenue de Cambridge - 14200 H\u00e9rouville Saint-Clair. Francia.<br>Tel: 33 (0)2 31 44 46 51<br>E-mail: contact@moulinroyal.com<br>Numero RCS: 788 420 933 R.C.S Caen<br>IVA intracomunitaria: FR 67 788 420 933<\/p>\n\n\n\n<p>Direttore di pubblicazione :<br>Pierre-Eric Dauxerre, direttore dei Laboratoires Moulin Royal Cosmetics.<\/p>\n\n\n\n<p>Ospitato da :<br>OVH, SAS con un capitale di 10.059.500 euro<br>RCS Lille M\u00e9tropole 424 761 419 00045<br>Codice APE 6202A<br>NUMERO DI PARTITA IVA: FR 22 424 761 419<br>Sede: 2 rue Kellermann - 59100 Roubaix. Francia.<\/p>\n\n\n\n<p><strong>DATI PERSONALI<\/strong><\/p>\n\n\n\n<p>Le informazioni raccolte quando si compila un modulo sono registrate in un file di computer da Laboratoires Moulin Royal Cosmetics. Queste informazioni possono essere utilizzate per gestire i contatti interessati alla gamma Hyfac e per distribuire informazioni sulla gamma Hyfac.<\/p>\n\n\n\n<p>Queste informazioni sono conservate per un periodo di 1 anno e sono destinate al dipartimento di marketing.<\/p>\n\n\n\n<p>Conformemente alla legge francese sull'informatica e le libert\u00e0 del 6 gennaio 1978, potete esercitare in qualsiasi momento il vostro diritto di accesso, di rettifica o di cancellazione dei dati che vi riguardano contattando Laboratoires Moulin Royal Cosmetics, 19 av. de Cambridge, 14200 H\u00e9rouville Saint-Clair. 02.31.44.46.51 \/ contact@moulinroyal.com.<\/p>\n\n\n\n<p>Il nostro indirizzo web \u00e8: http:\/\/moulinroyalcosmetics.com.<\/p>\n\n\n\n<h2>Uso dei dati personali raccolti<\/h2>\n\n\n\n<h3>Commenti<\/h3>\n\n\n\n<p>Quando lasciate un commento sul nostro sito, i dati inseriti nel modulo di commento, ma anche il vostro indirizzo IP e l'user agent del vostro browser sono raccolti per aiutarci a rilevare i commenti indesiderati.<\/p>\n\n\n\n<p>Una stringa anonimizzata creata dal tuo indirizzo email (conosciuta anche come hash) pu\u00f2 essere inviata al servizio Gravatar per controllare se stai usando il servizio. La politica sulla privacy del servizio Gravatar \u00e8 disponibile qui: https:\/\/automattic.com\/privacy\/. Dopo che il tuo commento \u00e8 stato convalidato, la tua foto del profilo sar\u00e0 visibile pubblicamente accanto al tuo commento.<\/p>\n\n\n\n<h3>Media<\/h3>\n\n\n\n<p>Se sei un utente registrato e carichi immagini sul sito, ti consigliamo di evitare di caricare immagini contenenti dati EXIF di coordinate GPS. I visitatori del tuo sito web possono scaricare ed estrarre i dati di localizzazione da queste immagini.<\/p>\n\n\n\n<h3>Moduli di contatto<\/h3>\n\n\n\n<h3>Cookie<\/h3>\n\n\n\n<p>Se lasciate un commento sul nostro sito, vi sar\u00e0 chiesto di salvare il vostro nome, indirizzo e-mail e sito web nei cookie. Questo \u00e8 solo per la tua comodit\u00e0 in modo da non dover inserire queste informazioni se lasci un altro commento pi\u00f9 tardi. Questi cookie scadono dopo un anno.<\/p>\n\n\n\n<p>Se vai alla pagina di login, verr\u00e0 creato un cookie temporaneo per determinare se il tuo browser accetta i cookie. Non contiene alcun dato personale e sar\u00e0 cancellato automaticamente quando chiuderai il tuo browser.<\/p>\n\n\n\n<p>Quando accedi, impostiamo una serie di cookie per memorizzare le tue informazioni di accesso e le preferenze dello schermo. La durata di un cookie di login \u00e8 di due giorni, e la durata di un cookie di preferenze dello schermo \u00e8 di un anno. Se selezioni \"Ricordami\", il tuo cookie di accesso sar\u00e0 conservato per una quindicina di giorni. Se ti disconnetti dal tuo account, il cookie di login sar\u00e0 cancellato.<\/p>\n\n\n\n<p>Modificando o pubblicando una pubblicazione, un ulteriore cookie sar\u00e0 memorizzato nel suo browser. Questo cookie non contiene dati personali. Indica semplicemente l'ID della pubblicazione che hai appena modificato. Scade dopo un giorno.<\/p>\n\n\n\n<h3>Contenuto incorporato da altri siti<\/h3>\n\n\n\n<p>Gli articoli di questo sito possono includere contenuti incorporati (ad esempio video, immagini, articoli...). Il contenuto incorporato da altri siti si comporta come se il visitatore fosse su quell'altro sito.<\/p>\n\n\n\n<p>Questi siti web possono raccogliere dati su di te, utilizzare cookie, incorporare strumenti di tracciamento di terze parti, tracciare le tue interazioni con questi contenuti incorporati se hai un account di accesso al loro sito web.<\/p>\n\n\n\n<h3>Statistiche e misurazione del pubblico<\/h3>\n\n\n\n<h2>Utilizzo e trasmissione dei suoi dati personali<\/h2>\n\n\n\n<h2>Per quanto tempo vengono conservati i suoi dati<\/h2>\n\n\n\n<p>Se lasci un commento, il commento e i suoi metadati sono conservati a tempo indeterminato. Questo permette ai commenti successivi di essere riconosciuti e approvati automaticamente invece di rimanere nella coda di moderazione.<\/p>\n\n\n\n<p>Per gli utenti che si registrano sul nostro sito (ove possibile), memorizziamo anche i dati personali indicati nel loro profilo. Tutti gli utenti possono visualizzare, modificare o cancellare le loro informazioni personali in qualsiasi momento (ad eccezione del loro nome utente). I gestori del sito possono anche visualizzare e modificare queste informazioni.<\/p>\n\n\n\n<h2>I diritti che ha sui suoi dati<\/h2>\n\n\n\n<p>Se hai un account o hai lasciato commenti sul sito, puoi richiedere di ricevere un file contenente tutti i dati personali che abbiamo su di te, compresi quelli che ci hai fornito. Potete anche richiedere la cancellazione dei vostri dati personali. Questo non include i dati memorizzati per scopi amministrativi, legali o di sicurezza.<\/p>\n\n\n\n<h2>Trasmissione dei suoi dati personali<\/h2>\n\n\n\n<p>I commenti dei visitatori possono essere controllati utilizzando un servizio automatico di rilevamento dello spam.<\/p>\n\n\n\n<h2>Informazioni di contatto<\/h2>\n\n\n\n<h2>Pi\u00f9 informazioni<\/h2>\n\n\n\n<h3>Come proteggiamo i suoi dati<\/h3>\n\n\n\n<h3>Procedure in caso di fuga di dati<\/h3>\n\n\n\n<h3>Servizi di terzi che ci forniscono dati<\/h3>\n\n\n\n<h3>Operazioni automatizzate di marketing e\/o profilazione che utilizzano dati personali<\/h3>\n\n\n\n<h3>Visualizzazione di informazioni relative a settori soggetti a regolamenti specifici<\/h3>","protected":false},"excerpt":{"rendered":"<p>MENTIONS L\u00c9GALES Editeur&nbsp;:Laboratoires Moulin Royal CosmeticsSAS au capital de 142 850 \u20acDont le si\u00e8ge social est 19, avenue de Cambridge \u2013 14200 H\u00e9rouville Saint-Clair. France.Tel : 33 (0)2 31 44 [&hellip;]<\/p>","protected":false},"author":1,"featured_media":0,"parent":0,"menu_order":0,"comment_status":"closed","ping_status":"open","template":"template-default.php","meta":[],"aioseo_notices":[],"uagb_featured_image_src":{"full":false,"thumbnail":false,"medium":false,"medium_large":false,"large":false,"1536x1536":false,"2048x2048":false,"trp-custom-language-flag":false},"uagb_author_info":{"display_name":"admin","author_link":"https:\/\/moulinroyalcosmetics.com\/it\/author\/admin\/"},"uagb_comment_info":0,"uagb_excerpt":"MENTIONS L\u00c9GALES Editeur&nbsp;:Laboratoires Moulin Royal CosmeticsSAS au capital de 142 850 \u20acDont le si\u00e8ge social est 19, avenue de Cambridge \u2013 14200 H\u00e9rouville Saint-Clair. France.Tel : 33 (0)2 31 44 [&hellip;]","_links":{"self":[{"href":"https:\/\/moulinroyalcosmetics.com\/it\/wp-json\/wp\/v2\/pages\/3"}],"collection":[{"href":"https:\/\/moulinroyalcosmetics.com\/it\/wp-json\/wp\/v2\/pages"}],"about":[{"href":"https:\/\/moulinroyalcosmetics.com\/it\/wp-json\/wp\/v2\/types\/page"}],"author":[{"embeddable":true,"href":"https:\/\/moulinroyalcosmetics.com\/it\/wp-json\/wp\/v2\/users\/1"}],"replies":[{"embeddable":true,"href":"https:\/\/moulinroyalcosmetics.com\/it\/wp-json\/wp\/v2\/comments?post=3"}],"version-history":[{"count":2,"href":"https:\/\/moulinroyalcosmetics.com\/it\/wp-json\/wp\/v2\/pages\/3\/revisions"}],"predecessor-version":[{"id":239,"href":"https:\/\/moulinroyalcosmetics.com\/it\/wp-json\/wp\/v2\/pages\/3\/revisions\/239"}],"wp:attachment":[{"href":"https:\/\/moulinroyalcosmetics.com\/it\/wp-json\/wp\/v2\/media?parent=3"}],"curies":[{"name":"wp","href":"https:\/\/api.w.org\/{rel}","templated":true}]}}